{"id":2205,"date":"2014-02-10T04:14:04","date_gmt":"2014-02-10T04:14:04","guid":{"rendered":"http:\/\/rttheme18.demo-rt.com\/?page_id=2205"},"modified":"2017-10-18T18:56:53","modified_gmt":"2017-10-18T15:56:53","slug":"hytera-turkiye-ideal-iletisim-turkiye-distributoru","status":"publish","type":"page","link":"https:\/\/www.idealiletisim.com.tr\/","title":{"rendered":"Hytera T\u00fcrkiye \u0130deal \u0130leti\u015fim T\u00fcrkiye Distrib\u00fct\u00f6r\u00fc"},"content":{"rendered":"<p>Hytera T\u00fcrkiye<\/p>\n<p>&nbsp;<\/p>\n<h2>Hytera Smart Dispatch Sistemi<\/h2>\n<p>&nbsp;<\/p>\n<div id=\"attachment_3657\" class=\"wp-caption alignright\">\n<p><a href=\"http:\/\/www.idealiletisim.com.tr\/wp-content\/uploads\/2017\/07\/Hytera-Smart-Dispatch-11.jpg\" rel=\"attachment wp-att-3657\"><img loading=\"lazy\" class=\"wp-image-3657 size-medium\" src=\"http:\/\/www.idealiletisim.com.tr\/wp-content\/uploads\/2017\/07\/Hytera-Smart-Dispatch-11-300x219.jpg\" sizes=\"(max-width: 300px) 100vw, 300px\" srcset=\"http:\/\/www.idealiletisim.com.tr\/wp-content\/uploads\/2017\/07\/Hytera-Smart-Dispatch-11-300x219.jpg 300w, http:\/\/www.idealiletisim.com.tr\/wp-content\/uploads\/2017\/07\/Hytera-Smart-Dispatch-11.jpg 510w\" alt=\"Smart Dispatch Sistemi\" width=\"300\" height=\"219\" \/><\/a><\/p>\n<p class=\"wp-caption-text\">Smart Dispatch Sistemi<\/p>\n<\/div>\n<h5>Do\u011fal afetler ve artan n\u00fcfus say\u0131s\u0131 gibi etkenler polis, sa\u011fl\u0131k ekipleri ve itfaiye gibi devlet kurulumlar\u0131n\u0131n sorumluluklar\u0131 kat ve kat artt\u0131r\u0131p g\u00fc\u00e7le\u015frmektedir. S\u00fcrekli de\u011fi\u015fen d\u00fcnyada ve s\u00fcrekli de\u011fi\u015fen \u00e7al\u0131\u015fma ortamlar\u0131nda y\u00fcksek verimlilikte kaynak da\u011f\u0131t\u0131m\u0131 ve m\u00fc\u015fterilere h\u0131zl\u0131 yan\u0131t verebilmek, her i\u015f grubunun i\u015fini devam ettirebilmesi ve b\u00fcy\u00fcyebilmesi i\u00e7in ka\u00e7\u0131n\u0131lmaz olmu\u015ftur. Profesyonel kablosuz ileti\u015fim ekipmanlar\u0131n\u0131n ve \u00e7\u00f6z\u00fcmlerinin \u00f6nde gelen tedarik\u00e7isi Hytera, Hytera Smart Dispatch sistemi ile bu zorluklar\u0131 a\u015fman\u0131za yard\u0131mc\u0131 olmaya haz\u0131r. Hytera Smart Dispatcher Sistemi, Hytera dijital platformunda ETSI DMR a\u00e7\u0131k standard\u0131na uygun olarak geli\u015ftirilen bir Dispatch Sistemidir.<\/h5>\n<p>&nbsp;<\/p>\n<h3>Hytera Smart Dispatch Sistemi;<\/h3>\n<p>&nbsp;<\/p>\n<h4>Etkili ileti\u015fim, y\u00f6netim ve profesyonel kullan\u0131c\u0131lar i\u00e7in tasarlanm\u0131\u015f olup,Server tabanl\u0131 \u00e7al\u0131\u015fabilmesi, mod\u00fcler tasar\u0131m\u0131 ve VoIP\u2019yi(\u0130nternet \u00fczerinden ses haberle\u015fmesi) desteklemesi, size \u00f6zel ileti\u015fim a\u011f\u0131 ve kontrol merkezli geli\u015fmi\u015f sevk ve da\u011f\u0131t\u0131m platformu sunar.<\/h4>\n<p>&nbsp;<\/p>\n<h2>TEMEL \u00d6ZELL\u0130KLER:<\/h2>\n<div id=\"attachment_3654\" class=\"wp-caption alignleft\">\n<p><a href=\"http:\/\/www.idealiletisim.com.tr\/wp-content\/uploads\/2017\/07\/dispatch_2.jpg\" rel=\"attachment wp-att-3654\"><img loading=\"lazy\" class=\"size-full wp-image-3654\" src=\"http:\/\/www.idealiletisim.com.tr\/wp-content\/uploads\/2017\/07\/dispatch_2.jpg\" sizes=\"(max-width: 943px) 100vw, 943px\" srcset=\"http:\/\/www.idealiletisim.com.tr\/wp-content\/uploads\/2017\/07\/dispatch_2-300x153.jpg 300w, http:\/\/www.idealiletisim.com.tr\/wp-content\/uploads\/2017\/07\/dispatch_2-768x391.jpg 768w, http:\/\/www.idealiletisim.com.tr\/wp-content\/uploads\/2017\/07\/dispatch_2.jpg 943w\" alt=\"Smart Dispatch Sistemi\" width=\"943\" height=\"480\" \/><\/a><\/p>\n<p class=\"wp-caption-text\">Smart Dispatch Sistemi<\/p>\n<\/div>\n<h3><\/h3>\n<h3><\/h3>\n<h3><\/h3>\n<h3><\/h3>\n<h3><\/h3>\n<h3><\/h3>\n<h3><\/h3>\n<h3><\/h3>\n<h3><\/h3>\n<h3><\/h3>\n<h3><\/h3>\n<h3><\/h3>\n<h3><strong>\u2234 \u00a0Ger\u00e7ek Zamanl\u0131 Takip<\/strong><\/h3>\n<p>&nbsp;<\/p>\n<h4>Hytera Smart Dispatch sisteminin sundu\u011fu \u00f6zelliklerden biride DMR Sisteminizde kullan\u0131lan telsizlerinizi ger\u00e7ek zamanl\u0131 olarak harita \u00fczerinden takip edebiliyor olman\u0131zd\u0131r.<\/h4>\n<h4>\u0130htiyac\u0131n\u0131z do\u011frultusunda harita \u00fczerinde rotalar \u00e7izebilir, Kullan\u0131c\u0131lar\u0131n\u0131z\u0131n ge\u00e7mi\u015fe dayal\u0131 GPS verilerini g\u00f6r\u00fcnt\u00fcleyebilir ve bu veriler yard\u0131m\u0131 ile ge\u00e7i\u015f g\u00fczergahlar\u0131n\u0131 interaktif bi\u00e7imde g\u00f6r\u00fcnt\u00fcleyebilirsiniz.<\/h4>\n<h2><\/h2>\n<p>&nbsp;<\/p>\n<h3><strong>\u2234\u00a0 MESAJLA\u015eMA<\/strong><\/h3>\n<p>&nbsp;<\/p>\n<h4>Hytera Smart Dispatch Sisteminde, DMR standart metin mesajlar\u0131 g\u00f6nderebilir ve alabilirsiniz. Hytera Smart Dispatch sistemi, metin mesajlar\u0131 g\u00f6ndermek ve almak i\u00e7in kullan\u0131c\u0131 dostu bir sohbet tabanl\u0131 grafiksel kullan\u0131c\u0131 aray\u00fcz\u00fc sunar. Kullan\u0131c\u0131lar\u0131n\u0131za Smart Dispatch \u00fczerinden iste\u011finiz do\u011frultusunda ki\u015fiye \u00f6zel mesaj veya grup mesajlar\u0131 g\u00f6nderebilir, ileri tarihlerde g\u00f6nderilmesi \u00fczere planlanm\u0131\u015f text mesajlar\u0131 haz\u0131rlayabilirsiniz. Gelen ve giden t\u00fcm metin mesajlar\u0131n\u0131z daha sonra eri\u015fim sa\u011flayabilece\u011finiz \u015fekilde veritaban\u0131n\u0131zda saklan\u0131r.<\/h4>\n<p>&nbsp;<\/p>\n<p>&nbsp;<\/p>\n<h3><strong>\u2234\u00a0 Telsiz Durum Raporlamas\u0131<\/strong><\/h3>\n<p>&nbsp;<\/p>\n<div id=\"attachment_3658\" class=\"wp-caption alignright\">\n<p><a href=\"http:\/\/www.idealiletisim.com.tr\/wp-content\/uploads\/2017\/07\/maxresdefault.jpg\" rel=\"attachment wp-att-3658\"><img loading=\"lazy\" class=\"size-medium wp-image-3658\" src=\"http:\/\/www.idealiletisim.com.tr\/wp-content\/uploads\/2017\/07\/maxresdefault-300x169.jpg\" sizes=\"(max-width: 300px) 100vw, 300px\" srcset=\"http:\/\/www.idealiletisim.com.tr\/wp-content\/uploads\/2017\/07\/maxresdefault-300x169.jpg 300w, http:\/\/www.idealiletisim.com.tr\/wp-content\/uploads\/2017\/07\/maxresdefault-768x432.jpg 768w, http:\/\/www.idealiletisim.com.tr\/wp-content\/uploads\/2017\/07\/maxresdefault-1024x576.jpg 1024w, http:\/\/www.idealiletisim.com.tr\/wp-content\/uploads\/2017\/07\/maxresdefault.jpg 1280w\" alt=\"Smart Dispatch Sistemi\" width=\"300\" height=\"169\" \/><\/a><\/p>\n<p class=\"wp-caption-text\">Smart Dispatch Sistemi<\/p>\n<\/div>\n<h4>Hytera Smart Dispatch sisteminizi, sisteminizde kullan\u0131lan telsizlerin a\u00e7\u0131lmas\u0131 ve kapanmas\u0131 durumda \u00e7evrimi\u00e7i veya \u00e7evrimd\u0131\u015f\u0131 durumunu kontrol istasyonuna g\u00f6nderececek \u015fekilde konfig\u00fcre edilebilirsiniz. Bu uygulama sisteminizde kullan\u0131lan t\u00fcm telsizlerin durumunun takip edilebilmesine olanak tan\u0131r.<\/h4>\n<p>&nbsp;<\/p>\n<p>&nbsp;<\/p>\n<h3><strong>\u2234\u00a0 Gizli Dinleme<\/strong><\/h3>\n<p>&nbsp;<\/p>\n<h4>Hytera Smart Dispatch sistemi ile birlite uzaktan telsiz kullan\u0131c\u0131n\u0131z\u0131n mikrofonunu aktif hale getirerek kullan\u0131c\u0131n\u0131z\u0131n PTT d\u00fc\u011fmesine basmas\u0131na ihtiya\u00e7 duyulmadan telsiz etraf\u0131nda yap\u0131lan konu\u015fmalar\u0131 ve sesleri dinlemeniz m\u00fcmk\u00fcn.<\/h4>\n<p>&nbsp;<\/p>\n<p><strong>\u00a0<\/strong><\/p>\n<div id=\"attachment_3661\" class=\"wp-caption alignright\">\n<p><a href=\"http:\/\/www.idealiletisim.com.tr\/wp-content\/uploads\/2017\/07\/smart-dispatch-software_2b194e69fc227ee0c4b9d36b82f31ef1.jpg\" rel=\"attachment wp-att-3661\"><img loading=\"lazy\" class=\"size-medium wp-image-3661\" src=\"http:\/\/www.idealiletisim.com.tr\/wp-content\/uploads\/2017\/07\/smart-dispatch-software_2b194e69fc227ee0c4b9d36b82f31ef1-300x200.jpg\" sizes=\"(max-width: 300px) 100vw, 300px\" srcset=\"http:\/\/www.idealiletisim.com.tr\/wp-content\/uploads\/2017\/07\/smart-dispatch-software_2b194e69fc227ee0c4b9d36b82f31ef1-300x200.jpg 300w, http:\/\/www.idealiletisim.com.tr\/wp-content\/uploads\/2017\/07\/smart-dispatch-software_2b194e69fc227ee0c4b9d36b82f31ef1-768x512.jpg 768w, http:\/\/www.idealiletisim.com.tr\/wp-content\/uploads\/2017\/07\/smart-dispatch-software_2b194e69fc227ee0c4b9d36b82f31ef1-1024x683.jpg 1024w, http:\/\/www.idealiletisim.com.tr\/wp-content\/uploads\/2017\/07\/smart-dispatch-software_2b194e69fc227ee0c4b9d36b82f31ef1.jpg 1200w\" alt=\"Smart Dispatch Sistemi\" width=\"300\" height=\"200\" \/><\/a><\/p>\n<p class=\"wp-caption-text\">Smart Dispatch Sistemi<\/p>\n<\/div>\n<h3><strong>\u2234\u00a0Telsizi Pasif Ve Aktif Konnuma alma<\/strong><\/h3>\n<p>&nbsp;<\/p>\n<h4>Hytera Smart Dispatch Sistemi, telsizinizin yasad\u0131\u015f\u0131 kullan\u0131m\u0131 veya \u00e7al\u0131nmas\u0131 durumunda telsiz birimini uzaktan pasif duruma alabilirsiniz. Pasif duruma ge\u00e7en telsiz a\u00e7\u0131labilir ancak g\u00f6nderme ve alma i\u015flemlerini yapamaz. Kullan\u0131c\u0131lar Hytera Smart Dispatch sistemi \u00fczerinden gerekti\u011finde pasif duruma ge\u00e7en bir telsizi tekrar aktif konuma getirebilir.<\/h4>\n<p><strong>\u00a0<\/strong><\/p>\n<p>&nbsp;<\/p>\n<h3><strong>\u2234 T\u00fcm \u00c7a\u011fr\u0131 T\u00fcrlerini Destekler<\/strong><\/h3>\n<p>&nbsp;<\/p>\n<div id=\"attachment_3652\" class=\"wp-caption alignright\">\n<p><a href=\"http:\/\/www.idealiletisim.com.tr\/wp-content\/uploads\/2017\/07\/444088-Hytera-dispatch-system_2.jpg\" rel=\"attachment wp-att-3652\"><img loading=\"lazy\" class=\"wp-image-3652 size-medium\" src=\"http:\/\/www.idealiletisim.com.tr\/wp-content\/uploads\/2017\/07\/444088-Hytera-dispatch-system_2-300x266.jpg\" sizes=\"(max-width: 300px) 100vw, 300px\" srcset=\"http:\/\/www.idealiletisim.com.tr\/wp-content\/uploads\/2017\/07\/444088-Hytera-dispatch-system_2-300x266.jpg 300w, http:\/\/www.idealiletisim.com.tr\/wp-content\/uploads\/2017\/07\/444088-Hytera-dispatch-system_2-768x680.jpg 768w, http:\/\/www.idealiletisim.com.tr\/wp-content\/uploads\/2017\/07\/444088-Hytera-dispatch-system_2-1024x907.jpg 1024w, http:\/\/www.idealiletisim.com.tr\/wp-content\/uploads\/2017\/07\/444088-Hytera-dispatch-system_2.jpg 1500w\" alt=\"T\u00fcm \u00c7a\u011fr\u0131 T\u00fcrlerini\" width=\"300\" height=\"266\" \/><\/a><\/p>\n<p class=\"wp-caption-text\">T\u00fcm \u00c7a\u011fr\u0131 T\u00fcrlerini<\/p>\n<\/div>\n<h4>Hytera Smart Dispatch sistemi \u00f6zel \u00e7a\u011fr\u0131, grup \u00e7a\u011fr\u0131s\u0131 ve genel \u00e7a\u011fr\u0131 gibi \u00e7e\u015fitli operasyon ihtiya\u00e7lar\u0131n\u0131z\u0131 kar\u015f\u0131layan, t\u00fcm \u00e7a\u011fr\u0131 t\u00fcrlerini destekleyen bir Hytera sistemidir. Hytera Smart Dispatch sisteminde ihtiyac\u0131n\u0131z do\u011frultusunda kullan\u0131c\u0131 say\u0131s\u0131n\u0131z kadar kullan\u0131c\u0131 hesab\u0131 a\u00e7abilirsiniz. Kullan\u0131c\u0131lar bu hesaplarla DMR Sisteminde ger\u00e7ekle\u015fen her t\u00fcrl\u00fc konu\u015fmay\u0131 dinleyebilir, kay\u0131t alt\u0131na alabilir ve tek bir tu\u015f ile se\u00e7mi\u015f oldu\u011fu kullan\u0131c\u0131lara \u00e7a\u011fr\u0131 yapabilir.<\/h4>\n<p>&nbsp;<\/p>\n<p>&nbsp;<\/p>\n<h3><strong>\u2234\u00a0 \u00c7oklu haritalama motorlar\u0131 deste\u011fi<\/strong><\/h3>\n<p>&nbsp;<\/p>\n<div id=\"attachment_3656\" class=\"wp-caption alignright\">\n<p><a href=\"http:\/\/www.idealiletisim.com.tr\/wp-content\/uploads\/2017\/07\/Hytera-dispatch-system_3-inline.jpg\" rel=\"attachment wp-att-3656\"><img loading=\"lazy\" class=\"size-medium wp-image-3656\" src=\"http:\/\/www.idealiletisim.com.tr\/wp-content\/uploads\/2017\/07\/Hytera-dispatch-system_3-inline-300x266.jpg\" sizes=\"(max-width: 300px) 100vw, 300px\" srcset=\"http:\/\/www.idealiletisim.com.tr\/wp-content\/uploads\/2017\/07\/Hytera-dispatch-system_3-inline-300x266.jpg 300w, http:\/\/www.idealiletisim.com.tr\/wp-content\/uploads\/2017\/07\/Hytera-dispatch-system_3-inline-768x681.jpg 768w, http:\/\/www.idealiletisim.com.tr\/wp-content\/uploads\/2017\/07\/Hytera-dispatch-system_3-inline-1024x908.jpg 1024w, http:\/\/www.idealiletisim.com.tr\/wp-content\/uploads\/2017\/07\/Hytera-dispatch-system_3-inline.jpg 1200w\" alt=\"\u00c7oklu haritalama motorlar\u0131 deste\u011fi\" width=\"300\" height=\"266\" \/><\/a><\/p>\n<p class=\"wp-caption-text\">\u00c7oklu haritalama motorlar\u0131 deste\u011fi<\/p>\n<\/div>\n<h4>Kullan\u0131c\u0131lar\u0131n kendi tercih edttikleri haritalama motorlar\u0131n\u0131 ihtiya\u00e7lar\u0131 do\u011frultusunda kullan\u0131m se\u00e7enekleri vard\u0131r. Bu haritalama motorlar\u0131 sadece Google Maps, MapInfo, OpenStreetMap gibi bilinen haritalarla s\u0131n\u0131rl\u0131 de\u011fildir. m\u00fc\u015fterilerin ihtiya\u00e7lar\u0131n\u0131 en iyi kar\u015f\u0131layan haritalama \u00e7\u00f6z\u00fcm\u00fc taraf\u0131m\u0131za taraf\u0131ndan sa\u011flanabilmektedir.<\/h4>\n<p>&nbsp;<\/p>\n<h3><\/h3>\n<p>&nbsp;<\/p>\n<h3><strong>\u2234\u00a0 \u00c7oklu dil deste\u011fi<\/strong><\/h3>\n<p>&nbsp;<\/p>\n<h4>Hytera Smart Dispatch sistemi, \u00e7oklu dil deste\u011fi sa\u011flayarak d\u00fcnya \u00e7ap\u0131ndaki m\u00fc\u015fterilere fayda sa\u011flar. Ekran dili, uygulamay\u0131 yeniden ba\u015flatman\u0131za gerek kalmadan, Dispatch program\u0131 konsol aray\u00fcz\u00fcnden\u00a0 kolayl\u0131kla de\u011fi\u015ftirilebilir.<\/h4>\n<h4><\/h4>\n<p>&nbsp;<\/p>\n<h3><strong>\u2234\u00a0 Acil Durum Alarm\u0131<\/strong><\/h3>\n<p>&nbsp;<\/p>\n<h4>Sisteminizde kullan\u0131lan telsizlerden biri taraf\u0131ndan acil durum \u00e7a\u011fr\u0131s\u0131 yap\u0131ld\u0131\u011f\u0131nda, Hytera Smart Dispatch sistemi taraf\u0131ndan alarm verilir. Verilen \u00e7a\u011fr\u0131 sonras\u0131 iste\u011fe ba\u011fl\u0131 olarak, acil durumu tetikleyen telsiz \u00fcnitesinin konum bilgisi, acil durumun verildi\u011fi saat ve acil durumu yapan telsizin acil durum yapt\u0131\u011f\u0131 konum haritada \u00fczerinde g\u00f6rsel olarak g\u00f6sterilir.<\/h4>\n<h4><\/h4>\n<p>&nbsp;<\/p>\n<h3><strong>\u2234\u00a0 Email A\u011f Ge\u00e7idi<\/strong><\/h3>\n<p>&nbsp;<\/p>\n<h4>Hytera Smart Dispatch sistemi sunucusu, SMTP ve POP3 sunucusu ile b\u00fct\u00fcnle\u015fir. Bu sayede kullan\u0131c\u0131lar\u0131n herhangi bir e-posta adresinden DMR Sisteminde kullan\u0131lan telsizlere e-posta g\u00f6ndermesine olanak tan\u0131r. Ayn\u0131 zamanda sistemde kullan\u0131lan telsizlerin e-posta adreslerine k\u0131sa mesaj g\u00f6nderebilmesde m\u00fcmk\u00fcnd\u00fcr<\/h4>\n<p>&nbsp;<\/p>\n<p>&nbsp;<\/p>\n<h3><strong>\u2234\u00a0 Telefon Ba\u011flant\u0131s\u0131<\/strong><\/h3>\n<p>&nbsp;<\/p>\n<h4>Hytera Smart Dispatch sistemi telsiz ve PSTN genel telefon a\u011f\u0131 aras\u0131nda sesli araba\u011flant\u0131 sa\u011flamak i\u00e7in standart IP-PBX ile entegrasyon i\u00e7in SIP standart protokol\u00fcn\u00fc destekler. Bu \u00f6zellik, telsizlerin belirlenen sabit hat \u00fczerinden arama yapmalar\u0131n\u0131 ve d\u0131\u015fardan \u00e7a\u011fr\u0131 almalar\u0131na olanak sa\u011flar.<\/h4>\n<h4><\/h4>\n<p>&nbsp;<\/p>\n<h3><em><strong>Hytera Smart Dispatch Sistemini \u00d6zel K\u0131lan Sebepler<\/strong><\/em><\/h3>\n<h4>Hytera Smart Dispatch Sistemi, tek bir mod\u00fcl de\u011fil, m\u00fc\u015fterinin ihtiyac\u0131 ve kullan\u0131lan sistemin b\u00fcy\u00fckl\u00fc\u011f\u00fcne ba\u011fl\u0131 olarak<\/h4>\n<div id=\"attachment_3653\" class=\"wp-caption alignright\">\n<p><a href=\"http:\/\/www.idealiletisim.com.tr\/wp-content\/uploads\/2017\/07\/dispatch.jpg\" rel=\"attachment wp-att-3653\"><img loading=\"lazy\" class=\" wp-image-3653\" src=\"http:\/\/www.idealiletisim.com.tr\/wp-content\/uploads\/2017\/07\/dispatch-300x139.jpg\" sizes=\"(max-width: 587px) 100vw, 587px\" srcset=\"http:\/\/www.idealiletisim.com.tr\/wp-content\/uploads\/2017\/07\/dispatch-300x139.jpg 300w, http:\/\/www.idealiletisim.com.tr\/wp-content\/uploads\/2017\/07\/dispatch.jpg 750w\" alt=\"Smart Dispatch Sistemi\" width=\"587\" height=\"272\" \/><\/a><\/p>\n<p class=\"wp-caption-text\">Smart Dispatch Sistemi<\/p>\n<\/div>\n<h4><\/h4>\n<h4><\/h4>\n<h4><\/h4>\n<h4><\/h4>\n<h4><\/h4>\n<h4><\/h4>\n<h4><\/h4>\n<h4>geli\u015ftirilmeye a\u00e7\u0131k, server tabanl\u0131 bir uygulamad\u0131r. Hytera Smart Dispatch sisteminizi tek sunuculu k\u00fc\u00e7\u00fck projelerinizden, birden fazla sunuculu \u00fclke genelindeki projelerinize kadar t\u00fcm sistemlerinizde kullanabilirsiniz. T\u00fcm bu yap\u0131land\u0131rma Hytera Smart Dispatch sisteminin bile\u015fenlerinden biri olan uzaktan yap\u0131land\u0131rma ile kolayl\u0131kla yap\u0131labilir.<\/h4>\n","protected":false},"excerpt":{"rendered":"<p>Hytera T\u00fcrkiye &nbsp; Hytera Smart Dispatch Sistemi &nbsp; Smart Dispatch Sistemi Do\u011fal afetler ve artan n\u00fcfus say\u0131s\u0131 gibi etkenler polis, sa\u011fl\u0131k ekipleri ve itfaiye gibi devlet kurulumlar\u0131n\u0131n sorumluluklar\u0131 kat ve kat artt\u0131r\u0131p g\u00fc\u00e7le\u015frmektedir. S\u00fcrekli de\u011fi\u015fen d\u00fcnyada ve s\u00fcrekli de\u011fi\u015fen \u00e7al\u0131\u015fma ortamlar\u0131nda y\u00fcksek verimlilikte kaynak da\u011f\u0131t\u0131m\u0131 ve m\u00fc\u015fterilere h\u0131zl\u0131 yan\u0131t verebilmek, her i\u015f grubunun i\u015fini devam [&hellip;]<\/p>\n","protected":false},"author":1,"featured_media":0,"parent":0,"menu_order":0,"comment_status":"open","ping_status":"closed","template":"","meta":[],"yoast_head":"<!-- This site is optimized with the Yoast SEO plugin v15.1.1 - https:\/\/yoast.com\/wordpress\/plugins\/seo\/ -->\n<title>Hytera T\u00fcrkiye \u0130deal \u0130leti\u015fim T\u00fcrkiye Distrib\u00fct\u00f6r\u00fc - Hytera T&uuml;rkiye<\/title>\n<meta name=\"robots\" content=\"index, follow, max-snippet:-1, max-image-preview:large, max-video-preview:-1\" \/>\n<link rel=\"canonical\" href=\"https:\/\/www.idealiletisim.com.tr\/\" \/>\n<meta property=\"og:locale\" content=\"tr_TR\" \/>\n<meta property=\"og:type\" content=\"article\" \/>\n<meta property=\"og:title\" content=\"Hytera T\u00fcrkiye \u0130deal \u0130leti\u015fim T\u00fcrkiye Distrib\u00fct\u00f6r\u00fc - Hytera T&uuml;rkiye\" \/>\n<meta property=\"og:description\" content=\"Hytera T\u00fcrkiye &nbsp; Hytera Smart Dispatch Sistemi &nbsp; Smart Dispatch Sistemi Do\u011fal afetler ve artan n\u00fcfus say\u0131s\u0131 gibi etkenler polis, sa\u011fl\u0131k ekipleri ve itfaiye gibi devlet kurulumlar\u0131n\u0131n sorumluluklar\u0131 kat ve kat artt\u0131r\u0131p g\u00fc\u00e7le\u015frmektedir. S\u00fcrekli de\u011fi\u015fen d\u00fcnyada ve s\u00fcrekli de\u011fi\u015fen \u00e7al\u0131\u015fma ortamlar\u0131nda y\u00fcksek verimlilikte kaynak da\u011f\u0131t\u0131m\u0131 ve m\u00fc\u015fterilere h\u0131zl\u0131 yan\u0131t verebilmek, her i\u015f grubunun i\u015fini devam [&hellip;]\" \/>\n<meta property=\"og:url\" content=\"https:\/\/www.idealiletisim.com.tr\/\" \/>\n<meta property=\"og:site_name\" content=\"Hytera T&uuml;rkiye\" \/>\n<meta property=\"article:modified_time\" content=\"2017-10-18T15:56:53+00:00\" \/>\n<meta property=\"og:image\" content=\"http:\/\/www.idealiletisim.com.tr\/wp-content\/uploads\/2017\/07\/Hytera-Smart-Dispatch-11-300x219.jpg\" \/>\n<meta name=\"twitter:card\" content=\"summary\" \/>\n<script type=\"application\/ld+json\" class=\"yoast-schema-graph\">{\"@context\":\"https:\/\/schema.org\",\"@graph\":[{\"@type\":\"WebSite\",\"@id\":\"https:\/\/www.idealiletisim.com.tr\/#website\",\"url\":\"https:\/\/www.idealiletisim.com.tr\/\",\"name\":\"Hytera T&uuml;rkiye\",\"description\":\"\\u0130deal \\u0130leti\\u015fim ,hytera radios,hytera telsiz,hytera t&uuml;rkiye\",\"potentialAction\":[{\"@type\":\"SearchAction\",\"target\":\"https:\/\/www.idealiletisim.com.tr\/?s={search_term_string}\",\"query-input\":\"required name=search_term_string\"}],\"inLanguage\":\"tr\"},{\"@type\":\"ImageObject\",\"@id\":\"https:\/\/www.idealiletisim.com.tr\/#primaryimage\",\"inLanguage\":\"tr\",\"url\":\"http:\/\/www.idealiletisim.com.tr\/wp-content\/uploads\/2017\/07\/Hytera-Smart-Dispatch-11-300x219.jpg\"},{\"@type\":\"WebPage\",\"@id\":\"https:\/\/www.idealiletisim.com.tr\/#webpage\",\"url\":\"https:\/\/www.idealiletisim.com.tr\/\",\"name\":\"Hytera T\\u00fcrkiye \\u0130deal \\u0130leti\\u015fim T\\u00fcrkiye Distrib\\u00fct\\u00f6r\\u00fc - Hytera T&uuml;rkiye\",\"isPartOf\":{\"@id\":\"https:\/\/www.idealiletisim.com.tr\/#website\"},\"primaryImageOfPage\":{\"@id\":\"https:\/\/www.idealiletisim.com.tr\/#primaryimage\"},\"datePublished\":\"2014-02-10T04:14:04+00:00\",\"dateModified\":\"2017-10-18T15:56:53+00:00\",\"inLanguage\":\"tr\",\"potentialAction\":[{\"@type\":\"ReadAction\",\"target\":[\"https:\/\/www.idealiletisim.com.tr\/\"]}]}]}<\/script>\n<!-- \/ Yoast SEO plugin. -->","_links":{"self":[{"href":"https:\/\/www.idealiletisim.com.tr\/index.php\/wp-json\/wp\/v2\/pages\/2205"}],"collection":[{"href":"https:\/\/www.idealiletisim.com.tr\/index.php\/wp-json\/wp\/v2\/pages"}],"about":[{"href":"https:\/\/www.idealiletisim.com.tr\/index.php\/wp-json\/wp\/v2\/types\/page"}],"author":[{"embeddable":true,"href":"https:\/\/www.idealiletisim.com.tr\/index.php\/wp-json\/wp\/v2\/users\/1"}],"replies":[{"embeddable":true,"href":"https:\/\/www.idealiletisim.com.tr\/index.php\/wp-json\/wp\/v2\/comments?post=2205"}],"version-history":[{"count":4,"href":"https:\/\/www.idealiletisim.com.tr\/index.php\/wp-json\/wp\/v2\/pages\/2205\/revisions"}],"predecessor-version":[{"id":3811,"href":"https:\/\/www.idealiletisim.com.tr\/index.php\/wp-json\/wp\/v2\/pages\/2205\/revisions\/3811"}],"wp:attachment":[{"href":"https:\/\/www.idealiletisim.com.tr\/index.php\/wp-json\/wp\/v2\/media?parent=2205"}],"curies":[{"name":"wp","href":"https:\/\/api.w.org\/{rel}","templated":true}]}}