{"id":862,"date":"2011-09-23T15:15:41","date_gmt":"2011-09-23T15:15:41","guid":{"rendered":"http:\/\/rttheme18.demo-rt.com\/?page_id=5"},"modified":"2016-02-22T19:26:06","modified_gmt":"2016-02-22T17:26:06","slug":"about-us","status":"publish","type":"page","link":"http:\/\/www.idealiletisim.com.tr\/index.php\/about-us\/","title":{"rendered":"Hakk\u0131m\u0131zda"},"content":{"rendered":"<div id=\"idTextPanel\">\n<p><strong>\u0130DEAL ELEKTRON\u0130K \u0130LET\u0130\u015e\u0130M\u00a0 SAN. T\u0130C. LTD. \u015eT\u0130.<\/strong>\u00a0 Telsiz haberle\u015fme sekt\u00f6r\u00fcnde 20 y\u0131ld\u0131r faaliyet g\u00f6stermekte olup, HYT \/ HYTERA markalar\u0131n\u0131n T\u00fcrkiye distrib\u00fct\u00f6rl\u00fc\u011f\u00fcn\u00fc y\u00fcr\u00fctmektedir.\u00a0Distr\u00fcb\u00fct\u00f6r\u00fc oldu\u011fumuz markam\u0131z, d\u00fcnya telsiz \u00fcretiminde liderli\u011fini korumakta olup, lisansl\u0131, lisanss\u0131z, dijital, el, ara\u00e7 ve role sistemleri ile\u00a0 her sekt\u00f6re uygun \u00fcr\u00fcn \u00e7e\u015fidini y\u00fcksek kalite ve uygun fiyatlarla m\u00fc\u015fterilerine sunmaktad\u0131r.<\/p>\n<p>Kalitede \u00f6nc\u00fc, hizmette d\u00fcr\u00fcstl\u00fck prensibi ile hareket eden firmam\u0131z\u0131n \u00fcr\u00fcnleri, \u00fclkemizin emniyet te\u015fkilat\u0131nda, b\u00fcy\u00fck\u015fehir belediyelerinde, in\u015faat ve g\u00fcvenlik firmalar\u0131nda tercih edilen, g\u00fcvenilir\u00a0 bir marka haline gelmi\u015ftir.<\/p>\n<p>Firmam\u0131z; sat\u0131\u015f sonras\u0131 teknik destek hizmetlerini uzman m\u00fchendis ve teknisyen kadrosu ile en iyi \u015fekilde sunmaktad\u0131r.<\/p>\n<\/div>\n","protected":false},"excerpt":{"rendered":"<p>\u0130DEAL ELEKTRON\u0130K \u0130LET\u0130\u015e\u0130M\u00a0 SAN. T\u0130C. LTD. \u015eT\u0130.\u00a0 Telsiz haberle\u015fme sekt\u00f6r\u00fcnde 20 y\u0131ld\u0131r faaliyet g\u00f6stermekte olup, HYT \/ HYTERA markalar\u0131n\u0131n T\u00fcrkiye distrib\u00fct\u00f6rl\u00fc\u011f\u00fcn\u00fc y\u00fcr\u00fctmektedir.\u00a0Distr\u00fcb\u00fct\u00f6r\u00fc oldu\u011fumuz markam\u0131z, d\u00fcnya telsiz \u00fcretiminde liderli\u011fini korumakta olup, lisansl\u0131, lisanss\u0131z, dijital, el, ara\u00e7 ve role sistemleri ile\u00a0 her sekt\u00f6re uygun \u00fcr\u00fcn \u00e7e\u015fidini y\u00fcksek kalite ve uygun fiyatlarla m\u00fc\u015fterilerine sunmaktad\u0131r. Kalitede \u00f6nc\u00fc, hizmette d\u00fcr\u00fcstl\u00fck [&hellip;]<\/p>\n","protected":false},"author":1,"featured_media":0,"parent":0,"menu_order":0,"comment_status":"open","ping_status":"open","template":"","meta":[],"yoast_head":"<!-- This site is optimized with the Yoast SEO plugin v15.1.1 - https:\/\/yoast.com\/wordpress\/plugins\/seo\/ -->\n<title>Hakk\u0131m\u0131zda - Hytera T&uuml;rkiye<\/title>\n<meta name=\"robots\" content=\"index, follow, max-snippet:-1, max-image-preview:large, max-video-preview:-1\" \/>\n<link rel=\"canonical\" href=\"http:\/\/www.idealiletisim.com.tr\/index.php\/about-us\/\" \/>\n<meta property=\"og:locale\" content=\"tr_TR\" \/>\n<meta property=\"og:type\" content=\"article\" \/>\n<meta property=\"og:title\" content=\"Hakk\u0131m\u0131zda - Hytera T&uuml;rkiye\" \/>\n<meta property=\"og:description\" content=\"\u0130DEAL ELEKTRON\u0130K \u0130LET\u0130\u015e\u0130M\u00a0 SAN. T\u0130C. LTD. \u015eT\u0130.\u00a0 Telsiz haberle\u015fme sekt\u00f6r\u00fcnde 20 y\u0131ld\u0131r faaliyet g\u00f6stermekte olup, HYT \/ HYTERA markalar\u0131n\u0131n T\u00fcrkiye distrib\u00fct\u00f6rl\u00fc\u011f\u00fcn\u00fc y\u00fcr\u00fctmektedir.\u00a0Distr\u00fcb\u00fct\u00f6r\u00fc oldu\u011fumuz markam\u0131z, d\u00fcnya telsiz \u00fcretiminde liderli\u011fini korumakta olup, lisansl\u0131, lisanss\u0131z, dijital, el, ara\u00e7 ve role sistemleri ile\u00a0 her sekt\u00f6re uygun \u00fcr\u00fcn \u00e7e\u015fidini y\u00fcksek kalite ve uygun fiyatlarla m\u00fc\u015fterilerine sunmaktad\u0131r. Kalitede \u00f6nc\u00fc, hizmette d\u00fcr\u00fcstl\u00fck [&hellip;]\" \/>\n<meta property=\"og:url\" content=\"http:\/\/www.idealiletisim.com.tr\/index.php\/about-us\/\" \/>\n<meta property=\"og:site_name\" content=\"Hytera T&uuml;rkiye\" \/>\n<meta property=\"article:modified_time\" content=\"2016-02-22T17:26:06+00:00\" \/>\n<meta name=\"twitter:card\" content=\"summary\" \/>\n<script type=\"application\/ld+json\" class=\"yoast-schema-graph\">{\"@context\":\"https:\/\/schema.org\",\"@graph\":[{\"@type\":\"WebSite\",\"@id\":\"http:\/\/www.idealiletisim.com.tr\/#website\",\"url\":\"http:\/\/www.idealiletisim.com.tr\/\",\"name\":\"Hytera T&uuml;rkiye\",\"description\":\"\\u0130deal \\u0130leti\\u015fim ,hytera radios,hytera telsiz,hytera t&uuml;rkiye\",\"potentialAction\":[{\"@type\":\"SearchAction\",\"target\":\"http:\/\/www.idealiletisim.com.tr\/?s={search_term_string}\",\"query-input\":\"required name=search_term_string\"}],\"inLanguage\":\"tr\"},{\"@type\":\"WebPage\",\"@id\":\"http:\/\/www.idealiletisim.com.tr\/index.php\/about-us\/#webpage\",\"url\":\"http:\/\/www.idealiletisim.com.tr\/index.php\/about-us\/\",\"name\":\"Hakk\\u0131m\\u0131zda - Hytera T&uuml;rkiye\",\"isPartOf\":{\"@id\":\"http:\/\/www.idealiletisim.com.tr\/#website\"},\"datePublished\":\"2011-09-23T15:15:41+00:00\",\"dateModified\":\"2016-02-22T17:26:06+00:00\",\"inLanguage\":\"tr\",\"potentialAction\":[{\"@type\":\"ReadAction\",\"target\":[\"http:\/\/www.idealiletisim.com.tr\/index.php\/about-us\/\"]}]}]}<\/script>\n<!-- \/ Yoast SEO plugin. -->","_links":{"self":[{"href":"http:\/\/www.idealiletisim.com.tr\/index.php\/wp-json\/wp\/v2\/pages\/862"}],"collection":[{"href":"http:\/\/www.idealiletisim.com.tr\/index.php\/wp-json\/wp\/v2\/pages"}],"about":[{"href":"http:\/\/www.idealiletisim.com.tr\/index.php\/wp-json\/wp\/v2\/types\/page"}],"author":[{"embeddable":true,"href":"http:\/\/www.idealiletisim.com.tr\/index.php\/wp-json\/wp\/v2\/users\/1"}],"replies":[{"embeddable":true,"href":"http:\/\/www.idealiletisim.com.tr\/index.php\/wp-json\/wp\/v2\/comments?post=862"}],"version-history":[{"count":3,"href":"http:\/\/www.idealiletisim.com.tr\/index.php\/wp-json\/wp\/v2\/pages\/862\/revisions"}],"predecessor-version":[{"id":3404,"href":"http:\/\/www.idealiletisim.com.tr\/index.php\/wp-json\/wp\/v2\/pages\/862\/revisions\/3404"}],"wp:attachment":[{"href":"http:\/\/www.idealiletisim.com.tr\/index.php\/wp-json\/wp\/v2\/media?parent=862"}],"curies":[{"name":"wp","href":"https:\/\/api.w.org\/{rel}","templated":true}]}}